{"id":7753,"date":"2020-09-09T18:06:22","date_gmt":"2020-09-09T18:06:22","guid":{"rendered":"https:\/\/tapcon.ca\/product\/original-blue-tapcon\/"},"modified":"2021-03-15T18:23:44","modified_gmt":"2021-03-15T18:23:44","slug":"original-blue-tapcon","status":"publish","type":"product","link":"https:\/\/tapcon.ca\/fr\/produit\/original-blue-tapcon\/","title":{"rendered":"Tapcon bleu original"},"content":{"rendered":"<h2><strong>AVANTAGES<\/strong><\/h2>\n<p>Avec plus d\u2019un milliard d\u2019ancrages vendus, le Tapcon v\u00e9ritable avec rev\u00eatement Climaseal<sup>MD<\/sup> fournit :<\/p>\n<ul>\n<li>Force de retenue sup\u00e9rieure<\/li>\n<li>Une r\u00e9sistance \u00e0 la corrosion et des performances de longue dur\u00e9e gr\u00e2ce au rev\u00eatement Climaseal<sup>MD<\/sup> bleu innovant<\/li>\n<li>La capacit\u00e9 de r\u00e9sister \u00e0 des conditions difficiles<\/li>\n<li>Performances durables<\/li>\n<li>Une r\u00e9putation de qualit\u00e9, de force et de facilit\u00e9 d\u2019installation aux yeux des professionnels du secteur<\/li>\n<\/ul>\n","protected":false},"excerpt":{"rendered":"<p>N\u2019acceptez aucun substitut. Seuls les ancrages de marque Tapcon<sup>MD<\/sup> offrent la facilit\u00e9 d\u2019utilisation, la pr\u00e9cision sup\u00e9rieure et les performances in\u00e9gal\u00e9es qu\u2019exigent les professionnels.<\/p>\n","protected":false},"featured_media":7683,"template":"","meta":{"_acf_changed":false,"inline_featured_image":false},"product_brand":[],"product_cat":[155,154],"product_tag":[],"class_list":{"0":"post-7753","1":"product","2":"type-product","3":"status-publish","4":"has-post-thumbnail","6":"product_cat-blue-fr","7":"product_cat-tapcon-screw-fr","9":"first","10":"instock","11":"shipping-taxable","12":"product-type-simple"},"acf":[],"yoast_head":"<!-- This site is optimized with the Yoast SEO plugin v27.2 - https:\/\/yoast.com\/product\/yoast-seo-wordpress\/ -->\n<title>Tapcon bleu original - Tapcon<\/title>\n<meta name=\"robots\" content=\"index, follow, max-snippet:-1, max-image-preview:large, max-video-preview:-1\" \/>\n<link rel=\"canonical\" href=\"https:\/\/tapcon.ca\/fr\/produit\/original-blue-tapcon\/\" \/>\n<meta property=\"og:locale\" content=\"fr_FR\" \/>\n<meta property=\"og:type\" content=\"article\" \/>\n<meta property=\"og:title\" content=\"Tapcon bleu original - Tapcon\" \/>\n<meta property=\"og:description\" content=\"N\u2019acceptez aucun substitut. Seuls les ancrages de marque TapconMD offrent la facilit\u00e9 d\u2019utilisation, la pr\u00e9cision sup\u00e9rieure et les performances in\u00e9gal\u00e9es qu\u2019exigent les professionnels.\" \/>\n<meta property=\"og:url\" content=\"https:\/\/tapcon.ca\/fr\/produit\/original-blue-tapcon\/\" \/>\n<meta property=\"og:site_name\" content=\"Tapcon\" \/>\n<meta property=\"article:modified_time\" content=\"2021-03-15T18:23:44+00:00\" \/>\n<meta property=\"og:image\" content=\"https:\/\/tapcon.ca\/wp-content\/uploads\/sites\/5\/2020\/09\/Adjust-to-1000-x-1000-rotate-90-degrees.png\" \/>\n\t<meta property=\"og:image:width\" content=\"1000\" \/>\n\t<meta property=\"og:image:height\" content=\"1000\" \/>\n\t<meta property=\"og:image:type\" content=\"image\/png\" \/>\n<meta name=\"twitter:card\" content=\"summary_large_image\" \/>\n<script type=\"application\/ld+json\" class=\"yoast-schema-graph\">{\"@context\":\"https:\/\/schema.org\",\"@graph\":[{\"@type\":\"WebPage\",\"@id\":\"https:\/\/tapcon.ca\/fr\/produit\/original-blue-tapcon\/\",\"url\":\"https:\/\/tapcon.ca\/fr\/produit\/original-blue-tapcon\/\",\"name\":\"Tapcon bleu original - Tapcon\",\"isPartOf\":{\"@id\":\"https:\/\/tapcon.ca\/fr\/#website\"},\"primaryImageOfPage\":{\"@id\":\"https:\/\/tapcon.ca\/fr\/produit\/original-blue-tapcon\/#primaryimage\"},\"image\":{\"@id\":\"https:\/\/tapcon.ca\/fr\/produit\/original-blue-tapcon\/#primaryimage\"},\"thumbnailUrl\":\"https:\/\/tapcon.ca\/wp-content\/uploads\/sites\/5\/2020\/09\/Adjust-to-1000-x-1000-rotate-90-degrees.png\",\"datePublished\":\"2020-09-09T18:06:22+00:00\",\"dateModified\":\"2021-03-15T18:23:44+00:00\",\"breadcrumb\":{\"@id\":\"https:\/\/tapcon.ca\/fr\/produit\/original-blue-tapcon\/#breadcrumb\"},\"inLanguage\":\"fr-FR\",\"potentialAction\":[{\"@type\":\"ReadAction\",\"target\":[\"https:\/\/tapcon.ca\/fr\/produit\/original-blue-tapcon\/\"]}]},{\"@type\":\"ImageObject\",\"inLanguage\":\"fr-FR\",\"@id\":\"https:\/\/tapcon.ca\/fr\/produit\/original-blue-tapcon\/#primaryimage\",\"url\":\"https:\/\/tapcon.ca\/wp-content\/uploads\/sites\/5\/2020\/09\/Adjust-to-1000-x-1000-rotate-90-degrees.png\",\"contentUrl\":\"https:\/\/tapcon.ca\/wp-content\/uploads\/sites\/5\/2020\/09\/Adjust-to-1000-x-1000-rotate-90-degrees.png\",\"width\":1000,\"height\":1000},{\"@type\":\"BreadcrumbList\",\"@id\":\"https:\/\/tapcon.ca\/fr\/produit\/original-blue-tapcon\/#breadcrumb\",\"itemListElement\":[{\"@type\":\"ListItem\",\"position\":1,\"name\":\"Home\",\"item\":\"https:\/\/tapcon.ca\/fr\/\"},{\"@type\":\"ListItem\",\"position\":2,\"name\":\"Boutique\",\"item\":\"https:\/\/tapcon.ca\/fr\/boutique\/\"},{\"@type\":\"ListItem\",\"position\":3,\"name\":\"Tapcon bleu original\"}]},{\"@type\":\"WebSite\",\"@id\":\"https:\/\/tapcon.ca\/fr\/#website\",\"url\":\"https:\/\/tapcon.ca\/fr\/\",\"name\":\"Tapcon\",\"description\":\"Not All Blue Screws Are The Same\",\"potentialAction\":[{\"@type\":\"SearchAction\",\"target\":{\"@type\":\"EntryPoint\",\"urlTemplate\":\"https:\/\/tapcon.ca\/fr\/?s={search_term_string}\"},\"query-input\":{\"@type\":\"PropertyValueSpecification\",\"valueRequired\":true,\"valueName\":\"search_term_string\"}}],\"inLanguage\":\"fr-FR\"}]}<\/script>\n<!-- \/ Yoast SEO plugin. -->","yoast_head_json":{"title":"Tapcon bleu original - Tapcon","robots":{"index":"index","follow":"follow","max-snippet":"max-snippet:-1","max-image-preview":"max-image-preview:large","max-video-preview":"max-video-preview:-1"},"canonical":"https:\/\/tapcon.ca\/fr\/produit\/original-blue-tapcon\/","og_locale":"fr_FR","og_type":"article","og_title":"Tapcon bleu original - Tapcon","og_description":"N\u2019acceptez aucun substitut. Seuls les ancrages de marque TapconMD offrent la facilit\u00e9 d\u2019utilisation, la pr\u00e9cision sup\u00e9rieure et les performances in\u00e9gal\u00e9es qu\u2019exigent les professionnels.","og_url":"https:\/\/tapcon.ca\/fr\/produit\/original-blue-tapcon\/","og_site_name":"Tapcon","article_modified_time":"2021-03-15T18:23:44+00:00","og_image":[{"width":1000,"height":1000,"url":"https:\/\/tapcon.ca\/wp-content\/uploads\/sites\/5\/2020\/09\/Adjust-to-1000-x-1000-rotate-90-degrees.png","type":"image\/png"}],"twitter_card":"summary_large_image","schema":{"@context":"https:\/\/schema.org","@graph":[{"@type":"WebPage","@id":"https:\/\/tapcon.ca\/fr\/produit\/original-blue-tapcon\/","url":"https:\/\/tapcon.ca\/fr\/produit\/original-blue-tapcon\/","name":"Tapcon bleu original - Tapcon","isPartOf":{"@id":"https:\/\/tapcon.ca\/fr\/#website"},"primaryImageOfPage":{"@id":"https:\/\/tapcon.ca\/fr\/produit\/original-blue-tapcon\/#primaryimage"},"image":{"@id":"https:\/\/tapcon.ca\/fr\/produit\/original-blue-tapcon\/#primaryimage"},"thumbnailUrl":"https:\/\/tapcon.ca\/wp-content\/uploads\/sites\/5\/2020\/09\/Adjust-to-1000-x-1000-rotate-90-degrees.png","datePublished":"2020-09-09T18:06:22+00:00","dateModified":"2021-03-15T18:23:44+00:00","breadcrumb":{"@id":"https:\/\/tapcon.ca\/fr\/produit\/original-blue-tapcon\/#breadcrumb"},"inLanguage":"fr-FR","potentialAction":[{"@type":"ReadAction","target":["https:\/\/tapcon.ca\/fr\/produit\/original-blue-tapcon\/"]}]},{"@type":"ImageObject","inLanguage":"fr-FR","@id":"https:\/\/tapcon.ca\/fr\/produit\/original-blue-tapcon\/#primaryimage","url":"https:\/\/tapcon.ca\/wp-content\/uploads\/sites\/5\/2020\/09\/Adjust-to-1000-x-1000-rotate-90-degrees.png","contentUrl":"https:\/\/tapcon.ca\/wp-content\/uploads\/sites\/5\/2020\/09\/Adjust-to-1000-x-1000-rotate-90-degrees.png","width":1000,"height":1000},{"@type":"BreadcrumbList","@id":"https:\/\/tapcon.ca\/fr\/produit\/original-blue-tapcon\/#breadcrumb","itemListElement":[{"@type":"ListItem","position":1,"name":"Home","item":"https:\/\/tapcon.ca\/fr\/"},{"@type":"ListItem","position":2,"name":"Boutique","item":"https:\/\/tapcon.ca\/fr\/boutique\/"},{"@type":"ListItem","position":3,"name":"Tapcon bleu original"}]},{"@type":"WebSite","@id":"https:\/\/tapcon.ca\/fr\/#website","url":"https:\/\/tapcon.ca\/fr\/","name":"Tapcon","description":"Not All Blue Screws Are The Same","potentialAction":[{"@type":"SearchAction","target":{"@type":"EntryPoint","urlTemplate":"https:\/\/tapcon.ca\/fr\/?s={search_term_string}"},"query-input":{"@type":"PropertyValueSpecification","valueRequired":true,"valueName":"search_term_string"}}],"inLanguage":"fr-FR"}]}},"_links":{"self":[{"href":"https:\/\/tapcon.ca\/fr\/wp-json\/wp\/v2\/product\/7753","targetHints":{"allow":["GET"]}}],"collection":[{"href":"https:\/\/tapcon.ca\/fr\/wp-json\/wp\/v2\/product"}],"about":[{"href":"https:\/\/tapcon.ca\/fr\/wp-json\/wp\/v2\/types\/product"}],"wp:featuredmedia":[{"embeddable":true,"href":"https:\/\/tapcon.ca\/fr\/wp-json\/wp\/v2\/media\/7683"}],"wp:attachment":[{"href":"https:\/\/tapcon.ca\/fr\/wp-json\/wp\/v2\/media?parent=7753"}],"wp:term":[{"taxonomy":"product_brand","embeddable":true,"href":"https:\/\/tapcon.ca\/fr\/wp-json\/wp\/v2\/product_brand?post=7753"},{"taxonomy":"product_cat","embeddable":true,"href":"https:\/\/tapcon.ca\/fr\/wp-json\/wp\/v2\/product_cat?post=7753"},{"taxonomy":"product_tag","embeddable":true,"href":"https:\/\/tapcon.ca\/fr\/wp-json\/wp\/v2\/product_tag?post=7753"}],"curies":[{"name":"wp","href":"https:\/\/api.w.org\/{rel}","templated":true}]}}