{"id":7752,"date":"2020-09-09T18:32:37","date_gmt":"2020-09-09T18:32:37","guid":{"rendered":"https:\/\/tapcon.ca\/product\/white-ultrashield-tapcon\/"},"modified":"2021-03-15T18:28:04","modified_gmt":"2021-03-15T18:28:04","slug":"white-ultrashield-tapcon","status":"publish","type":"product","link":"https:\/\/tapcon.ca\/fr\/produit\/white-ultrashield-tapcon\/","title":{"rendered":"Tapcon Ultrashield blanc"},"content":{"rendered":"<h2><strong>AVANTAGES<\/strong><\/h2>\n<p>Le Tapcon Ultrashield blanc est id\u00e9al pour les applications exigeant une conception discr\u00e8te et offre\u00a0:<\/p>\n<ul>\n<li>Finition blanche qui se dissimule dans un mat\u00e9riau l\u00e9ger et offre une protection contre la corrosion durable<\/li>\n<li>La finition Ultrashield offre une r\u00e9sistance \u00e0 la corrosion tout au long de la vie utile<\/li>\n<li>Force de retenue sup\u00e9rieure<\/li>\n<li>La capacit\u00e9 de r\u00e9sister \u00e0 des conditions difficiles<\/li>\n<li>Performances durables<\/li>\n<li>Une r\u00e9putation de qualit\u00e9, de force et de facilit\u00e9 d\u2019installation aux yeux des professionnels du secteur<\/li>\n<\/ul>\n","protected":false},"excerpt":{"rendered":"<p>Les ancrages \u00e0 vis blancs pour b\u00e9ton Ultrashield de Tapcon sont parfaits pour les applications de protection contre les ouragans et tous les projets ext\u00e9rieurs n\u00e9cessitant une attache de couleur blanche comme les volets, les cadres de porte et de fen\u00eatre, les enceintes grillag\u00e9es, et beaucoup d\u2019autres applications qui exigent la fixation \u00e0 la ma\u00e7onnerie<\/p>\n","protected":false},"featured_media":7677,"template":"","meta":{"_acf_changed":false,"inline_featured_image":false},"product_brand":[],"product_cat":[154,158],"product_tag":[],"class_list":{"0":"post-7752","1":"product","2":"type-product","3":"status-publish","4":"has-post-thumbnail","6":"product_cat-tapcon-screw-fr","7":"product_cat-white-fr","9":"first","10":"instock","11":"shipping-taxable","12":"product-type-simple"},"acf":[],"yoast_head":"<!-- This site is optimized with the Yoast SEO plugin v27.2 - https:\/\/yoast.com\/product\/yoast-seo-wordpress\/ -->\n<title>Tapcon Ultrashield blanc - Tapcon<\/title>\n<meta name=\"robots\" content=\"index, follow, max-snippet:-1, max-image-preview:large, max-video-preview:-1\" \/>\n<link rel=\"canonical\" href=\"https:\/\/tapcon.ca\/fr\/produit\/white-ultrashield-tapcon\/\" \/>\n<meta property=\"og:locale\" content=\"fr_FR\" \/>\n<meta property=\"og:type\" content=\"article\" \/>\n<meta property=\"og:title\" content=\"Tapcon Ultrashield blanc - Tapcon\" \/>\n<meta property=\"og:description\" content=\"Les ancrages \u00e0 vis blancs pour b\u00e9ton Ultrashield de Tapcon sont parfaits pour les applications de protection contre les ouragans et tous les projets ext\u00e9rieurs n\u00e9cessitant une attache de couleur blanche comme les volets, les cadres de porte et de fen\u00eatre, les enceintes grillag\u00e9es, et beaucoup d\u2019autres applications qui exigent la fixation \u00e0 la ma\u00e7onnerie\" \/>\n<meta property=\"og:url\" content=\"https:\/\/tapcon.ca\/fr\/produit\/white-ultrashield-tapcon\/\" \/>\n<meta property=\"og:site_name\" content=\"Tapcon\" \/>\n<meta property=\"article:modified_time\" content=\"2021-03-15T18:28:04+00:00\" \/>\n<meta property=\"og:image\" content=\"https:\/\/tapcon.ca\/wp-content\/uploads\/sites\/5\/2020\/09\/Tapcon_24142C_Screw_2.png\" \/>\n\t<meta property=\"og:image:width\" content=\"1000\" \/>\n\t<meta property=\"og:image:height\" content=\"1000\" \/>\n\t<meta property=\"og:image:type\" content=\"image\/png\" \/>\n<meta name=\"twitter:card\" content=\"summary_large_image\" \/>\n<script type=\"application\/ld+json\" class=\"yoast-schema-graph\">{\"@context\":\"https:\/\/schema.org\",\"@graph\":[{\"@type\":\"WebPage\",\"@id\":\"https:\/\/tapcon.ca\/fr\/produit\/white-ultrashield-tapcon\/\",\"url\":\"https:\/\/tapcon.ca\/fr\/produit\/white-ultrashield-tapcon\/\",\"name\":\"Tapcon Ultrashield blanc - Tapcon\",\"isPartOf\":{\"@id\":\"https:\/\/tapcon.ca\/fr\/#website\"},\"primaryImageOfPage\":{\"@id\":\"https:\/\/tapcon.ca\/fr\/produit\/white-ultrashield-tapcon\/#primaryimage\"},\"image\":{\"@id\":\"https:\/\/tapcon.ca\/fr\/produit\/white-ultrashield-tapcon\/#primaryimage\"},\"thumbnailUrl\":\"https:\/\/tapcon.ca\/wp-content\/uploads\/sites\/5\/2020\/09\/Tapcon_24142C_Screw_2.png\",\"datePublished\":\"2020-09-09T18:32:37+00:00\",\"dateModified\":\"2021-03-15T18:28:04+00:00\",\"breadcrumb\":{\"@id\":\"https:\/\/tapcon.ca\/fr\/produit\/white-ultrashield-tapcon\/#breadcrumb\"},\"inLanguage\":\"fr-FR\",\"potentialAction\":[{\"@type\":\"ReadAction\",\"target\":[\"https:\/\/tapcon.ca\/fr\/produit\/white-ultrashield-tapcon\/\"]}]},{\"@type\":\"ImageObject\",\"inLanguage\":\"fr-FR\",\"@id\":\"https:\/\/tapcon.ca\/fr\/produit\/white-ultrashield-tapcon\/#primaryimage\",\"url\":\"https:\/\/tapcon.ca\/wp-content\/uploads\/sites\/5\/2020\/09\/Tapcon_24142C_Screw_2.png\",\"contentUrl\":\"https:\/\/tapcon.ca\/wp-content\/uploads\/sites\/5\/2020\/09\/Tapcon_24142C_Screw_2.png\",\"width\":1000,\"height\":1000},{\"@type\":\"BreadcrumbList\",\"@id\":\"https:\/\/tapcon.ca\/fr\/produit\/white-ultrashield-tapcon\/#breadcrumb\",\"itemListElement\":[{\"@type\":\"ListItem\",\"position\":1,\"name\":\"Home\",\"item\":\"https:\/\/tapcon.ca\/fr\/\"},{\"@type\":\"ListItem\",\"position\":2,\"name\":\"Boutique\",\"item\":\"https:\/\/tapcon.ca\/fr\/boutique\/\"},{\"@type\":\"ListItem\",\"position\":3,\"name\":\"Tapcon Ultrashield blanc\"}]},{\"@type\":\"WebSite\",\"@id\":\"https:\/\/tapcon.ca\/fr\/#website\",\"url\":\"https:\/\/tapcon.ca\/fr\/\",\"name\":\"Tapcon\",\"description\":\"Not All Blue Screws Are The Same\",\"potentialAction\":[{\"@type\":\"SearchAction\",\"target\":{\"@type\":\"EntryPoint\",\"urlTemplate\":\"https:\/\/tapcon.ca\/fr\/?s={search_term_string}\"},\"query-input\":{\"@type\":\"PropertyValueSpecification\",\"valueRequired\":true,\"valueName\":\"search_term_string\"}}],\"inLanguage\":\"fr-FR\"}]}<\/script>\n<!-- \/ Yoast SEO plugin. -->","yoast_head_json":{"title":"Tapcon Ultrashield blanc - Tapcon","robots":{"index":"index","follow":"follow","max-snippet":"max-snippet:-1","max-image-preview":"max-image-preview:large","max-video-preview":"max-video-preview:-1"},"canonical":"https:\/\/tapcon.ca\/fr\/produit\/white-ultrashield-tapcon\/","og_locale":"fr_FR","og_type":"article","og_title":"Tapcon Ultrashield blanc - Tapcon","og_description":"Les ancrages \u00e0 vis blancs pour b\u00e9ton Ultrashield de Tapcon sont parfaits pour les applications de protection contre les ouragans et tous les projets ext\u00e9rieurs n\u00e9cessitant une attache de couleur blanche comme les volets, les cadres de porte et de fen\u00eatre, les enceintes grillag\u00e9es, et beaucoup d\u2019autres applications qui exigent la fixation \u00e0 la ma\u00e7onnerie","og_url":"https:\/\/tapcon.ca\/fr\/produit\/white-ultrashield-tapcon\/","og_site_name":"Tapcon","article_modified_time":"2021-03-15T18:28:04+00:00","og_image":[{"width":1000,"height":1000,"url":"https:\/\/tapcon.ca\/wp-content\/uploads\/sites\/5\/2020\/09\/Tapcon_24142C_Screw_2.png","type":"image\/png"}],"twitter_card":"summary_large_image","schema":{"@context":"https:\/\/schema.org","@graph":[{"@type":"WebPage","@id":"https:\/\/tapcon.ca\/fr\/produit\/white-ultrashield-tapcon\/","url":"https:\/\/tapcon.ca\/fr\/produit\/white-ultrashield-tapcon\/","name":"Tapcon Ultrashield blanc - Tapcon","isPartOf":{"@id":"https:\/\/tapcon.ca\/fr\/#website"},"primaryImageOfPage":{"@id":"https:\/\/tapcon.ca\/fr\/produit\/white-ultrashield-tapcon\/#primaryimage"},"image":{"@id":"https:\/\/tapcon.ca\/fr\/produit\/white-ultrashield-tapcon\/#primaryimage"},"thumbnailUrl":"https:\/\/tapcon.ca\/wp-content\/uploads\/sites\/5\/2020\/09\/Tapcon_24142C_Screw_2.png","datePublished":"2020-09-09T18:32:37+00:00","dateModified":"2021-03-15T18:28:04+00:00","breadcrumb":{"@id":"https:\/\/tapcon.ca\/fr\/produit\/white-ultrashield-tapcon\/#breadcrumb"},"inLanguage":"fr-FR","potentialAction":[{"@type":"ReadAction","target":["https:\/\/tapcon.ca\/fr\/produit\/white-ultrashield-tapcon\/"]}]},{"@type":"ImageObject","inLanguage":"fr-FR","@id":"https:\/\/tapcon.ca\/fr\/produit\/white-ultrashield-tapcon\/#primaryimage","url":"https:\/\/tapcon.ca\/wp-content\/uploads\/sites\/5\/2020\/09\/Tapcon_24142C_Screw_2.png","contentUrl":"https:\/\/tapcon.ca\/wp-content\/uploads\/sites\/5\/2020\/09\/Tapcon_24142C_Screw_2.png","width":1000,"height":1000},{"@type":"BreadcrumbList","@id":"https:\/\/tapcon.ca\/fr\/produit\/white-ultrashield-tapcon\/#breadcrumb","itemListElement":[{"@type":"ListItem","position":1,"name":"Home","item":"https:\/\/tapcon.ca\/fr\/"},{"@type":"ListItem","position":2,"name":"Boutique","item":"https:\/\/tapcon.ca\/fr\/boutique\/"},{"@type":"ListItem","position":3,"name":"Tapcon Ultrashield blanc"}]},{"@type":"WebSite","@id":"https:\/\/tapcon.ca\/fr\/#website","url":"https:\/\/tapcon.ca\/fr\/","name":"Tapcon","description":"Not All Blue Screws Are The Same","potentialAction":[{"@type":"SearchAction","target":{"@type":"EntryPoint","urlTemplate":"https:\/\/tapcon.ca\/fr\/?s={search_term_string}"},"query-input":{"@type":"PropertyValueSpecification","valueRequired":true,"valueName":"search_term_string"}}],"inLanguage":"fr-FR"}]}},"_links":{"self":[{"href":"https:\/\/tapcon.ca\/fr\/wp-json\/wp\/v2\/product\/7752","targetHints":{"allow":["GET"]}}],"collection":[{"href":"https:\/\/tapcon.ca\/fr\/wp-json\/wp\/v2\/product"}],"about":[{"href":"https:\/\/tapcon.ca\/fr\/wp-json\/wp\/v2\/types\/product"}],"wp:featuredmedia":[{"embeddable":true,"href":"https:\/\/tapcon.ca\/fr\/wp-json\/wp\/v2\/media\/7677"}],"wp:attachment":[{"href":"https:\/\/tapcon.ca\/fr\/wp-json\/wp\/v2\/media?parent=7752"}],"wp:term":[{"taxonomy":"product_brand","embeddable":true,"href":"https:\/\/tapcon.ca\/fr\/wp-json\/wp\/v2\/product_brand?post=7752"},{"taxonomy":"product_cat","embeddable":true,"href":"https:\/\/tapcon.ca\/fr\/wp-json\/wp\/v2\/product_cat?post=7752"},{"taxonomy":"product_tag","embeddable":true,"href":"https:\/\/tapcon.ca\/fr\/wp-json\/wp\/v2\/product_tag?post=7752"}],"curies":[{"name":"wp","href":"https:\/\/api.w.org\/{rel}","templated":true}]}}