{"id":7751,"date":"2020-09-09T20:35:08","date_gmt":"2020-09-09T20:35:08","guid":{"rendered":"https:\/\/tapcon.ca\/product\/stainless-tapcon\/"},"modified":"2021-03-15T18:31:04","modified_gmt":"2021-03-15T18:31:04","slug":"stainless-tapcon","status":"publish","type":"product","link":"https:\/\/tapcon.ca\/fr\/produit\/stainless-tapcon\/","title":{"rendered":"Tapcon en acier inoxydable"},"content":{"rendered":"<h2><strong>AVANTAGES<\/strong><\/h2>\n<ul>\n<li>La finition en acier inoxydable offre une esth\u00e9tique d\u00e9corative et une r\u00e9sistance sup\u00e9rieure \u00e0 la corrosion<\/li>\n<li>Force de retenue sup\u00e9rieure<\/li>\n<li>La capacit\u00e9 de r\u00e9sister \u00e0 des conditions difficiles<\/li>\n<li>Performances durables<\/li>\n<li>Une r\u00e9putation de qualit\u00e9, de force et de facilit\u00e9 d\u2019installation aux yeux des professionnels du secteur<\/li>\n<\/ul>\n","protected":false},"excerpt":{"rendered":"<p>La conception des Tapcon en acier inoxydable 410 vous donne une r\u00e9sistance in\u00e9gal\u00e9e \u00e0 la corrosion, \u00e0 la rouille et aux taches. Le Tapcon en acier inoxydable 410 est la vis la plus universelle pour les applications dans n\u2019importe quel climat. Les ancrages \u00e0 vis Tapcon pour b\u00e9ton tirent leur force de leur capacit\u00e9 unique \u00e0 tarauder leur propre filetage. Pour de meilleurs r\u00e9sultats, utilisez des forets SDS Tapcon.<\/p>\n","protected":false},"featured_media":7680,"template":"","meta":{"_acf_changed":false,"inline_featured_image":false},"product_brand":[],"product_cat":[157,154],"product_tag":[],"class_list":{"0":"post-7751","1":"product","2":"type-product","3":"status-publish","4":"has-post-thumbnail","6":"product_cat-stainless-steel-fr","7":"product_cat-tapcon-screw-fr","9":"first","10":"instock","11":"shipping-taxable","12":"product-type-simple"},"acf":[],"yoast_head":"<!-- This site is optimized with the Yoast SEO plugin v27.2 - https:\/\/yoast.com\/product\/yoast-seo-wordpress\/ -->\n<title>Tapcon en acier inoxydable - Tapcon<\/title>\n<meta name=\"robots\" content=\"index, follow, max-snippet:-1, max-image-preview:large, max-video-preview:-1\" \/>\n<link rel=\"canonical\" href=\"https:\/\/tapcon.ca\/fr\/produit\/stainless-tapcon\/\" \/>\n<meta property=\"og:locale\" content=\"fr_FR\" \/>\n<meta property=\"og:type\" content=\"article\" \/>\n<meta property=\"og:title\" content=\"Tapcon en acier inoxydable - Tapcon\" \/>\n<meta property=\"og:description\" content=\"La conception des Tapcon en acier inoxydable 410 vous donne une r\u00e9sistance in\u00e9gal\u00e9e \u00e0 la corrosion, \u00e0 la rouille et aux taches. Le Tapcon en acier inoxydable 410 est la vis la plus universelle pour les applications dans n\u2019importe quel climat. Les ancrages \u00e0 vis Tapcon pour b\u00e9ton tirent leur force de leur capacit\u00e9 unique \u00e0 tarauder leur propre filetage. Pour de meilleurs r\u00e9sultats, utilisez des forets SDS Tapcon.\" \/>\n<meta property=\"og:url\" content=\"https:\/\/tapcon.ca\/fr\/produit\/stainless-tapcon\/\" \/>\n<meta property=\"og:site_name\" content=\"Tapcon\" \/>\n<meta property=\"article:modified_time\" content=\"2021-03-15T18:31:04+00:00\" \/>\n<meta property=\"og:image\" content=\"https:\/\/tapcon.ca\/wp-content\/uploads\/sites\/5\/2020\/09\/Tapcon_26130C_Screw_2.png\" \/>\n\t<meta property=\"og:image:width\" content=\"1000\" \/>\n\t<meta property=\"og:image:height\" content=\"1000\" \/>\n\t<meta property=\"og:image:type\" content=\"image\/png\" \/>\n<meta name=\"twitter:card\" content=\"summary_large_image\" \/>\n<script type=\"application\/ld+json\" class=\"yoast-schema-graph\">{\"@context\":\"https:\/\/schema.org\",\"@graph\":[{\"@type\":\"WebPage\",\"@id\":\"https:\/\/tapcon.ca\/fr\/produit\/stainless-tapcon\/\",\"url\":\"https:\/\/tapcon.ca\/fr\/produit\/stainless-tapcon\/\",\"name\":\"Tapcon en acier inoxydable - Tapcon\",\"isPartOf\":{\"@id\":\"https:\/\/tapcon.ca\/fr\/#website\"},\"primaryImageOfPage\":{\"@id\":\"https:\/\/tapcon.ca\/fr\/produit\/stainless-tapcon\/#primaryimage\"},\"image\":{\"@id\":\"https:\/\/tapcon.ca\/fr\/produit\/stainless-tapcon\/#primaryimage\"},\"thumbnailUrl\":\"https:\/\/tapcon.ca\/wp-content\/uploads\/sites\/5\/2020\/09\/Tapcon_26130C_Screw_2.png\",\"datePublished\":\"2020-09-09T20:35:08+00:00\",\"dateModified\":\"2021-03-15T18:31:04+00:00\",\"breadcrumb\":{\"@id\":\"https:\/\/tapcon.ca\/fr\/produit\/stainless-tapcon\/#breadcrumb\"},\"inLanguage\":\"fr-FR\",\"potentialAction\":[{\"@type\":\"ReadAction\",\"target\":[\"https:\/\/tapcon.ca\/fr\/produit\/stainless-tapcon\/\"]}]},{\"@type\":\"ImageObject\",\"inLanguage\":\"fr-FR\",\"@id\":\"https:\/\/tapcon.ca\/fr\/produit\/stainless-tapcon\/#primaryimage\",\"url\":\"https:\/\/tapcon.ca\/wp-content\/uploads\/sites\/5\/2020\/09\/Tapcon_26130C_Screw_2.png\",\"contentUrl\":\"https:\/\/tapcon.ca\/wp-content\/uploads\/sites\/5\/2020\/09\/Tapcon_26130C_Screw_2.png\",\"width\":1000,\"height\":1000},{\"@type\":\"BreadcrumbList\",\"@id\":\"https:\/\/tapcon.ca\/fr\/produit\/stainless-tapcon\/#breadcrumb\",\"itemListElement\":[{\"@type\":\"ListItem\",\"position\":1,\"name\":\"Home\",\"item\":\"https:\/\/tapcon.ca\/fr\/\"},{\"@type\":\"ListItem\",\"position\":2,\"name\":\"Boutique\",\"item\":\"https:\/\/tapcon.ca\/fr\/boutique\/\"},{\"@type\":\"ListItem\",\"position\":3,\"name\":\"Tapcon en acier inoxydable\"}]},{\"@type\":\"WebSite\",\"@id\":\"https:\/\/tapcon.ca\/fr\/#website\",\"url\":\"https:\/\/tapcon.ca\/fr\/\",\"name\":\"Tapcon\",\"description\":\"Not All Blue Screws Are The Same\",\"potentialAction\":[{\"@type\":\"SearchAction\",\"target\":{\"@type\":\"EntryPoint\",\"urlTemplate\":\"https:\/\/tapcon.ca\/fr\/?s={search_term_string}\"},\"query-input\":{\"@type\":\"PropertyValueSpecification\",\"valueRequired\":true,\"valueName\":\"search_term_string\"}}],\"inLanguage\":\"fr-FR\"}]}<\/script>\n<!-- \/ Yoast SEO plugin. -->","yoast_head_json":{"title":"Tapcon en acier inoxydable - Tapcon","robots":{"index":"index","follow":"follow","max-snippet":"max-snippet:-1","max-image-preview":"max-image-preview:large","max-video-preview":"max-video-preview:-1"},"canonical":"https:\/\/tapcon.ca\/fr\/produit\/stainless-tapcon\/","og_locale":"fr_FR","og_type":"article","og_title":"Tapcon en acier inoxydable - Tapcon","og_description":"La conception des Tapcon en acier inoxydable 410 vous donne une r\u00e9sistance in\u00e9gal\u00e9e \u00e0 la corrosion, \u00e0 la rouille et aux taches. Le Tapcon en acier inoxydable 410 est la vis la plus universelle pour les applications dans n\u2019importe quel climat. Les ancrages \u00e0 vis Tapcon pour b\u00e9ton tirent leur force de leur capacit\u00e9 unique \u00e0 tarauder leur propre filetage. Pour de meilleurs r\u00e9sultats, utilisez des forets SDS Tapcon.","og_url":"https:\/\/tapcon.ca\/fr\/produit\/stainless-tapcon\/","og_site_name":"Tapcon","article_modified_time":"2021-03-15T18:31:04+00:00","og_image":[{"width":1000,"height":1000,"url":"https:\/\/tapcon.ca\/wp-content\/uploads\/sites\/5\/2020\/09\/Tapcon_26130C_Screw_2.png","type":"image\/png"}],"twitter_card":"summary_large_image","schema":{"@context":"https:\/\/schema.org","@graph":[{"@type":"WebPage","@id":"https:\/\/tapcon.ca\/fr\/produit\/stainless-tapcon\/","url":"https:\/\/tapcon.ca\/fr\/produit\/stainless-tapcon\/","name":"Tapcon en acier inoxydable - Tapcon","isPartOf":{"@id":"https:\/\/tapcon.ca\/fr\/#website"},"primaryImageOfPage":{"@id":"https:\/\/tapcon.ca\/fr\/produit\/stainless-tapcon\/#primaryimage"},"image":{"@id":"https:\/\/tapcon.ca\/fr\/produit\/stainless-tapcon\/#primaryimage"},"thumbnailUrl":"https:\/\/tapcon.ca\/wp-content\/uploads\/sites\/5\/2020\/09\/Tapcon_26130C_Screw_2.png","datePublished":"2020-09-09T20:35:08+00:00","dateModified":"2021-03-15T18:31:04+00:00","breadcrumb":{"@id":"https:\/\/tapcon.ca\/fr\/produit\/stainless-tapcon\/#breadcrumb"},"inLanguage":"fr-FR","potentialAction":[{"@type":"ReadAction","target":["https:\/\/tapcon.ca\/fr\/produit\/stainless-tapcon\/"]}]},{"@type":"ImageObject","inLanguage":"fr-FR","@id":"https:\/\/tapcon.ca\/fr\/produit\/stainless-tapcon\/#primaryimage","url":"https:\/\/tapcon.ca\/wp-content\/uploads\/sites\/5\/2020\/09\/Tapcon_26130C_Screw_2.png","contentUrl":"https:\/\/tapcon.ca\/wp-content\/uploads\/sites\/5\/2020\/09\/Tapcon_26130C_Screw_2.png","width":1000,"height":1000},{"@type":"BreadcrumbList","@id":"https:\/\/tapcon.ca\/fr\/produit\/stainless-tapcon\/#breadcrumb","itemListElement":[{"@type":"ListItem","position":1,"name":"Home","item":"https:\/\/tapcon.ca\/fr\/"},{"@type":"ListItem","position":2,"name":"Boutique","item":"https:\/\/tapcon.ca\/fr\/boutique\/"},{"@type":"ListItem","position":3,"name":"Tapcon en acier inoxydable"}]},{"@type":"WebSite","@id":"https:\/\/tapcon.ca\/fr\/#website","url":"https:\/\/tapcon.ca\/fr\/","name":"Tapcon","description":"Not All Blue Screws Are The Same","potentialAction":[{"@type":"SearchAction","target":{"@type":"EntryPoint","urlTemplate":"https:\/\/tapcon.ca\/fr\/?s={search_term_string}"},"query-input":{"@type":"PropertyValueSpecification","valueRequired":true,"valueName":"search_term_string"}}],"inLanguage":"fr-FR"}]}},"_links":{"self":[{"href":"https:\/\/tapcon.ca\/fr\/wp-json\/wp\/v2\/product\/7751","targetHints":{"allow":["GET"]}}],"collection":[{"href":"https:\/\/tapcon.ca\/fr\/wp-json\/wp\/v2\/product"}],"about":[{"href":"https:\/\/tapcon.ca\/fr\/wp-json\/wp\/v2\/types\/product"}],"wp:featuredmedia":[{"embeddable":true,"href":"https:\/\/tapcon.ca\/fr\/wp-json\/wp\/v2\/media\/7680"}],"wp:attachment":[{"href":"https:\/\/tapcon.ca\/fr\/wp-json\/wp\/v2\/media?parent=7751"}],"wp:term":[{"taxonomy":"product_brand","embeddable":true,"href":"https:\/\/tapcon.ca\/fr\/wp-json\/wp\/v2\/product_brand?post=7751"},{"taxonomy":"product_cat","embeddable":true,"href":"https:\/\/tapcon.ca\/fr\/wp-json\/wp\/v2\/product_cat?post=7751"},{"taxonomy":"product_tag","embeddable":true,"href":"https:\/\/tapcon.ca\/fr\/wp-json\/wp\/v2\/product_tag?post=7751"}],"curies":[{"name":"wp","href":"https:\/\/api.w.org\/{rel}","templated":true}]}}