{"id":7750,"date":"2020-09-09T20:37:05","date_gmt":"2020-09-09T20:37:05","guid":{"rendered":"https:\/\/tapcon.ca\/product\/condrive-pro-installation-kit\/"},"modified":"2021-03-15T19:18:46","modified_gmt":"2021-03-15T19:18:46","slug":"condrive-pro-installation-kit","status":"publish","type":"product","link":"https:\/\/tapcon.ca\/fr\/produit\/condrive-pro-installation-kit\/","title":{"rendered":"Trousse d&rsquo;installation Condrive Pro"},"content":{"rendered":"<p>La trousse d\u2019installation est un accessoire pour outil \u00e9lectrique qui aide \u00e0 enfoncer les ancrages Tapcon :<\/p>\n<ul>\n<li>Compatible avec toutes les perceuses et les perceuses \u00e0 percussion, marteaux perforateurs et marteaux perforateurs rotatifs<\/li>\n<li>\u00c9limine le besoin d\u2019utiliser 2\u00a0perceuses<\/li>\n<li>Rend l\u2019installation plus rapide et plus facile<\/li>\n<li>Les embouts hexagonaux encastr\u00e9s r\u00e9duisent le surcouple et la rupture de la t\u00eate, r\u00e9duisant le temps d\u2019arr\u00eat<\/li>\n<li>Enti\u00e8rement assembl\u00e9, il s\u2019ins\u00e8re dans une pochette de rangement pratique, r\u00e9duisant le risque de pi\u00e8ces perdues et \u00e9liminant le besoin de d\u00e9montage<\/li>\n<\/ul>\n<h2><strong>DIRECTIVES D&rsquo;INSTALLATION<\/strong><\/h2>\n<p><strong>PR\u00c9PARATION<\/strong><\/p>\n<ol>\n<li>Placez le foret Tapcon<sup>MD<\/sup> dans l\u2019adaptateur de la perceuse et serrez la vis de r\u00e9glage avec la cl\u00e9 hexagonale (incluse). Pour un marteau perforateur, commencez \u00e0 l\u2019\u00e9tape 3.<\/li>\n<li>S\u00e9curisez l\u2019adaptateur de perceuse dans le mandrin de 3\/8 po \u2013 1\/2 po d\u2019une perceuse \u00e0 percussion ou dans un marteau perforateur de 1\/4 po.<\/li>\n<li>Fixez le tournevis hexagonal ou le foret cruciforme appropri\u00e9 sur l\u2019extr\u00e9mit\u00e9 du manchon.<\/li>\n<\/ol>\n<p><strong>PERCEZ<\/strong><br \/>\n4. Percez un trou de 1\/4 po plus profond que la profondeur d\u2019enfoncement de l\u2019ancrage (enfoncement min. 1 po\/2,5 cm). Enlevez la poussi\u00e8re du trou.<\/p>\n<p><strong>GLISSEZ<\/strong><br \/>\n5. Faites glisser le manchon sur le foret et enclenchez-le dans l\u2019adaptateur de la perceuse<\/p>\n<p><strong>VISSEZ<\/strong><br \/>\n6. Ins\u00e9rez l\u2019ancrage dans l\u2019embout du manchon, placez l\u2019objet \u00e0 \u00eatre fix\u00e9 et vissez le Tapcon<sup>MD<\/sup><\/p>\n","protected":false},"excerpt":{"rendered":"<p>Un syst\u00e8me \u00e0 outil unique con\u00e7u pour acc\u00e9l\u00e9rer l\u2019installation de l\u2019ancrage et am\u00e9liorer la productivit\u00e9 sur le chantier. Il dispose d\u2019embouts hexagonaux encastr\u00e9s con\u00e7us pour r\u00e9duire de fa\u00e7on significative le surcouple, la rupture de la t\u00eate et l\u2019arrachement, ce qui permet aux PROs d\u2019ancrer avec confiance et efficacit\u00e9 la premi\u00e8re fois, chaque fois.<\/p>\n","protected":false},"featured_media":7675,"template":"","meta":{"_acf_changed":false,"inline_featured_image":false},"product_brand":[],"product_cat":[153],"product_tag":[],"class_list":{"0":"post-7750","1":"product","2":"type-product","3":"status-publish","4":"has-post-thumbnail","6":"product_cat-accessories-fr","8":"first","9":"instock","10":"shipping-taxable","11":"product-type-simple"},"acf":[],"yoast_head":"<!-- This site is optimized with the Yoast SEO plugin v27.2 - https:\/\/yoast.com\/product\/yoast-seo-wordpress\/ -->\n<title>Trousse d&#039;installation Condrive Pro - Tapcon<\/title>\n<meta name=\"robots\" content=\"index, follow, max-snippet:-1, max-image-preview:large, max-video-preview:-1\" \/>\n<link rel=\"canonical\" href=\"https:\/\/tapcon.ca\/fr\/produit\/condrive-pro-installation-kit\/\" \/>\n<meta property=\"og:locale\" content=\"fr_FR\" \/>\n<meta property=\"og:type\" content=\"article\" \/>\n<meta property=\"og:title\" content=\"Trousse d&#039;installation Condrive Pro - Tapcon\" \/>\n<meta property=\"og:description\" content=\"Un syst\u00e8me \u00e0 outil unique con\u00e7u pour acc\u00e9l\u00e9rer l\u2019installation de l\u2019ancrage et am\u00e9liorer la productivit\u00e9 sur le chantier. Il dispose d\u2019embouts hexagonaux encastr\u00e9s con\u00e7us pour r\u00e9duire de fa\u00e7on significative le surcouple, la rupture de la t\u00eate et l\u2019arrachement, ce qui permet aux PROs d\u2019ancrer avec confiance et efficacit\u00e9 la premi\u00e8re fois, chaque fois.\" \/>\n<meta property=\"og:url\" content=\"https:\/\/tapcon.ca\/fr\/produit\/condrive-pro-installation-kit\/\" \/>\n<meta property=\"og:site_name\" content=\"Tapcon\" \/>\n<meta property=\"article:modified_time\" content=\"2021-03-15T19:18:46+00:00\" \/>\n<meta property=\"og:image\" content=\"https:\/\/tapcon.ca\/wp-content\/uploads\/sites\/5\/2020\/09\/Tapcon_7001_Package.png\" \/>\n\t<meta property=\"og:image:width\" content=\"1000\" \/>\n\t<meta property=\"og:image:height\" content=\"1000\" \/>\n\t<meta property=\"og:image:type\" content=\"image\/png\" \/>\n<meta name=\"twitter:card\" content=\"summary_large_image\" \/>\n<meta name=\"twitter:label1\" content=\"Dur\u00e9e de lecture estim\u00e9e\" \/>\n\t<meta name=\"twitter:data1\" content=\"1 minute\" \/>\n<script type=\"application\/ld+json\" class=\"yoast-schema-graph\">{\"@context\":\"https:\/\/schema.org\",\"@graph\":[{\"@type\":\"WebPage\",\"@id\":\"https:\/\/tapcon.ca\/fr\/produit\/condrive-pro-installation-kit\/\",\"url\":\"https:\/\/tapcon.ca\/fr\/produit\/condrive-pro-installation-kit\/\",\"name\":\"Trousse d'installation Condrive Pro - Tapcon\",\"isPartOf\":{\"@id\":\"https:\/\/tapcon.ca\/fr\/#website\"},\"primaryImageOfPage\":{\"@id\":\"https:\/\/tapcon.ca\/fr\/produit\/condrive-pro-installation-kit\/#primaryimage\"},\"image\":{\"@id\":\"https:\/\/tapcon.ca\/fr\/produit\/condrive-pro-installation-kit\/#primaryimage\"},\"thumbnailUrl\":\"https:\/\/tapcon.ca\/wp-content\/uploads\/sites\/5\/2020\/09\/Tapcon_7001_Package.png\",\"datePublished\":\"2020-09-09T20:37:05+00:00\",\"dateModified\":\"2021-03-15T19:18:46+00:00\",\"breadcrumb\":{\"@id\":\"https:\/\/tapcon.ca\/fr\/produit\/condrive-pro-installation-kit\/#breadcrumb\"},\"inLanguage\":\"fr-FR\",\"potentialAction\":[{\"@type\":\"ReadAction\",\"target\":[\"https:\/\/tapcon.ca\/fr\/produit\/condrive-pro-installation-kit\/\"]}]},{\"@type\":\"ImageObject\",\"inLanguage\":\"fr-FR\",\"@id\":\"https:\/\/tapcon.ca\/fr\/produit\/condrive-pro-installation-kit\/#primaryimage\",\"url\":\"https:\/\/tapcon.ca\/wp-content\/uploads\/sites\/5\/2020\/09\/Tapcon_7001_Package.png\",\"contentUrl\":\"https:\/\/tapcon.ca\/wp-content\/uploads\/sites\/5\/2020\/09\/Tapcon_7001_Package.png\",\"width\":1000,\"height\":1000},{\"@type\":\"BreadcrumbList\",\"@id\":\"https:\/\/tapcon.ca\/fr\/produit\/condrive-pro-installation-kit\/#breadcrumb\",\"itemListElement\":[{\"@type\":\"ListItem\",\"position\":1,\"name\":\"Home\",\"item\":\"https:\/\/tapcon.ca\/fr\/\"},{\"@type\":\"ListItem\",\"position\":2,\"name\":\"Boutique\",\"item\":\"https:\/\/tapcon.ca\/fr\/boutique\/\"},{\"@type\":\"ListItem\",\"position\":3,\"name\":\"Trousse d&rsquo;installation Condrive Pro\"}]},{\"@type\":\"WebSite\",\"@id\":\"https:\/\/tapcon.ca\/fr\/#website\",\"url\":\"https:\/\/tapcon.ca\/fr\/\",\"name\":\"Tapcon\",\"description\":\"Not All Blue Screws Are The Same\",\"potentialAction\":[{\"@type\":\"SearchAction\",\"target\":{\"@type\":\"EntryPoint\",\"urlTemplate\":\"https:\/\/tapcon.ca\/fr\/?s={search_term_string}\"},\"query-input\":{\"@type\":\"PropertyValueSpecification\",\"valueRequired\":true,\"valueName\":\"search_term_string\"}}],\"inLanguage\":\"fr-FR\"}]}<\/script>\n<!-- \/ Yoast SEO plugin. -->","yoast_head_json":{"title":"Trousse d'installation Condrive Pro - Tapcon","robots":{"index":"index","follow":"follow","max-snippet":"max-snippet:-1","max-image-preview":"max-image-preview:large","max-video-preview":"max-video-preview:-1"},"canonical":"https:\/\/tapcon.ca\/fr\/produit\/condrive-pro-installation-kit\/","og_locale":"fr_FR","og_type":"article","og_title":"Trousse d'installation Condrive Pro - Tapcon","og_description":"Un syst\u00e8me \u00e0 outil unique con\u00e7u pour acc\u00e9l\u00e9rer l\u2019installation de l\u2019ancrage et am\u00e9liorer la productivit\u00e9 sur le chantier. Il dispose d\u2019embouts hexagonaux encastr\u00e9s con\u00e7us pour r\u00e9duire de fa\u00e7on significative le surcouple, la rupture de la t\u00eate et l\u2019arrachement, ce qui permet aux PROs d\u2019ancrer avec confiance et efficacit\u00e9 la premi\u00e8re fois, chaque fois.","og_url":"https:\/\/tapcon.ca\/fr\/produit\/condrive-pro-installation-kit\/","og_site_name":"Tapcon","article_modified_time":"2021-03-15T19:18:46+00:00","og_image":[{"width":1000,"height":1000,"url":"https:\/\/tapcon.ca\/wp-content\/uploads\/sites\/5\/2020\/09\/Tapcon_7001_Package.png","type":"image\/png"}],"twitter_card":"summary_large_image","twitter_misc":{"Dur\u00e9e de lecture estim\u00e9e":"1 minute"},"schema":{"@context":"https:\/\/schema.org","@graph":[{"@type":"WebPage","@id":"https:\/\/tapcon.ca\/fr\/produit\/condrive-pro-installation-kit\/","url":"https:\/\/tapcon.ca\/fr\/produit\/condrive-pro-installation-kit\/","name":"Trousse d'installation Condrive Pro - Tapcon","isPartOf":{"@id":"https:\/\/tapcon.ca\/fr\/#website"},"primaryImageOfPage":{"@id":"https:\/\/tapcon.ca\/fr\/produit\/condrive-pro-installation-kit\/#primaryimage"},"image":{"@id":"https:\/\/tapcon.ca\/fr\/produit\/condrive-pro-installation-kit\/#primaryimage"},"thumbnailUrl":"https:\/\/tapcon.ca\/wp-content\/uploads\/sites\/5\/2020\/09\/Tapcon_7001_Package.png","datePublished":"2020-09-09T20:37:05+00:00","dateModified":"2021-03-15T19:18:46+00:00","breadcrumb":{"@id":"https:\/\/tapcon.ca\/fr\/produit\/condrive-pro-installation-kit\/#breadcrumb"},"inLanguage":"fr-FR","potentialAction":[{"@type":"ReadAction","target":["https:\/\/tapcon.ca\/fr\/produit\/condrive-pro-installation-kit\/"]}]},{"@type":"ImageObject","inLanguage":"fr-FR","@id":"https:\/\/tapcon.ca\/fr\/produit\/condrive-pro-installation-kit\/#primaryimage","url":"https:\/\/tapcon.ca\/wp-content\/uploads\/sites\/5\/2020\/09\/Tapcon_7001_Package.png","contentUrl":"https:\/\/tapcon.ca\/wp-content\/uploads\/sites\/5\/2020\/09\/Tapcon_7001_Package.png","width":1000,"height":1000},{"@type":"BreadcrumbList","@id":"https:\/\/tapcon.ca\/fr\/produit\/condrive-pro-installation-kit\/#breadcrumb","itemListElement":[{"@type":"ListItem","position":1,"name":"Home","item":"https:\/\/tapcon.ca\/fr\/"},{"@type":"ListItem","position":2,"name":"Boutique","item":"https:\/\/tapcon.ca\/fr\/boutique\/"},{"@type":"ListItem","position":3,"name":"Trousse d&rsquo;installation Condrive Pro"}]},{"@type":"WebSite","@id":"https:\/\/tapcon.ca\/fr\/#website","url":"https:\/\/tapcon.ca\/fr\/","name":"Tapcon","description":"Not All Blue Screws Are The Same","potentialAction":[{"@type":"SearchAction","target":{"@type":"EntryPoint","urlTemplate":"https:\/\/tapcon.ca\/fr\/?s={search_term_string}"},"query-input":{"@type":"PropertyValueSpecification","valueRequired":true,"valueName":"search_term_string"}}],"inLanguage":"fr-FR"}]}},"_links":{"self":[{"href":"https:\/\/tapcon.ca\/fr\/wp-json\/wp\/v2\/product\/7750","targetHints":{"allow":["GET"]}}],"collection":[{"href":"https:\/\/tapcon.ca\/fr\/wp-json\/wp\/v2\/product"}],"about":[{"href":"https:\/\/tapcon.ca\/fr\/wp-json\/wp\/v2\/types\/product"}],"wp:featuredmedia":[{"embeddable":true,"href":"https:\/\/tapcon.ca\/fr\/wp-json\/wp\/v2\/media\/7675"}],"wp:attachment":[{"href":"https:\/\/tapcon.ca\/fr\/wp-json\/wp\/v2\/media?parent=7750"}],"wp:term":[{"taxonomy":"product_brand","embeddable":true,"href":"https:\/\/tapcon.ca\/fr\/wp-json\/wp\/v2\/product_brand?post=7750"},{"taxonomy":"product_cat","embeddable":true,"href":"https:\/\/tapcon.ca\/fr\/wp-json\/wp\/v2\/product_cat?post=7750"},{"taxonomy":"product_tag","embeddable":true,"href":"https:\/\/tapcon.ca\/fr\/wp-json\/wp\/v2\/product_tag?post=7750"}],"curies":[{"name":"wp","href":"https:\/\/api.w.org\/{rel}","templated":true}]}}