{"id":7749,"date":"2020-09-09T20:39:00","date_gmt":"2020-09-09T20:39:00","guid":{"rendered":"https:\/\/tapcon.ca\/product\/drill-bits\/"},"modified":"2021-03-15T19:20:45","modified_gmt":"2021-03-15T19:20:45","slug":"drill-bits","status":"publish","type":"product","link":"https:\/\/tapcon.ca\/fr\/produit\/drill-bits\/","title":{"rendered":"Forets"},"content":{"rendered":"<p>Les forets Tapcon<sup>MD<\/sup> \u00e0 pointe carbure donnent :<\/p>\n<ul>\n<li>Un ajustement pr\u00e9cis pour faire en sorte que les ancrages s\u2019installent rapidement et durent longtemps<\/li>\n<li>Des trous pr\u00e9cis pour une force de retenue maximale<\/li>\n<li>Moins de ruptures sur le chantier<\/li>\n<li>Une augmentation de la puissance d\u2019entra\u00eenement et de la force de retenue lorsqu\u2019ils sont utilis\u00e9s avec les ancrages Tapcon<\/li>\n<\/ul>\n","protected":false},"excerpt":{"rendered":"<p>Les forets Tapcon offrent une uniformit\u00e9 accrue, une r\u00e9sistance in\u00e9gal\u00e9e et une grande pr\u00e9cision pour atteindre une force de retenue maximale. Ils sont fabriqu\u00e9s avec des tol\u00e9rances plus \u00e9lev\u00e9es que les normes ANSI. Il est n\u00e9cessaire d\u2019utiliser l\u2019outil Condrive et le foret correct pour garantir une performance constante de l\u2019ancrage.<\/p>\n","protected":false},"featured_media":7687,"template":"","meta":{"_acf_changed":false,"inline_featured_image":false},"product_brand":[],"product_cat":[153],"product_tag":[],"class_list":{"0":"post-7749","1":"product","2":"type-product","3":"status-publish","4":"has-post-thumbnail","6":"product_cat-accessories-fr","8":"first","9":"instock","10":"shipping-taxable","11":"product-type-simple"},"acf":[],"yoast_head":"<!-- This site is optimized with the Yoast SEO plugin v27.2 - https:\/\/yoast.com\/product\/yoast-seo-wordpress\/ -->\n<title>Forets - Tapcon<\/title>\n<meta name=\"robots\" content=\"index, follow, max-snippet:-1, max-image-preview:large, max-video-preview:-1\" \/>\n<link rel=\"canonical\" href=\"https:\/\/tapcon.ca\/fr\/produit\/drill-bits\/\" \/>\n<meta property=\"og:locale\" content=\"fr_FR\" \/>\n<meta property=\"og:type\" content=\"article\" \/>\n<meta property=\"og:title\" content=\"Forets - Tapcon\" \/>\n<meta property=\"og:description\" content=\"Les forets Tapcon offrent une uniformit\u00e9 accrue, une r\u00e9sistance in\u00e9gal\u00e9e et une grande pr\u00e9cision pour atteindre une force de retenue maximale. Ils sont fabriqu\u00e9s avec des tol\u00e9rances plus \u00e9lev\u00e9es que les normes ANSI. Il est n\u00e9cessaire d\u2019utiliser l\u2019outil Condrive et le foret correct pour garantir une performance constante de l\u2019ancrage.\" \/>\n<meta property=\"og:url\" content=\"https:\/\/tapcon.ca\/fr\/produit\/drill-bits\/\" \/>\n<meta property=\"og:site_name\" content=\"Tapcon\" \/>\n<meta property=\"article:modified_time\" content=\"2021-03-15T19:20:45+00:00\" \/>\n<meta property=\"og:image\" content=\"https:\/\/tapcon.ca\/wp-content\/uploads\/sites\/5\/2020\/09\/Rotate-so-its-straight.png\" \/>\n\t<meta property=\"og:image:width\" content=\"1000\" \/>\n\t<meta property=\"og:image:height\" content=\"1000\" \/>\n\t<meta property=\"og:image:type\" content=\"image\/png\" \/>\n<meta name=\"twitter:card\" content=\"summary_large_image\" \/>\n<script type=\"application\/ld+json\" class=\"yoast-schema-graph\">{\"@context\":\"https:\/\/schema.org\",\"@graph\":[{\"@type\":\"WebPage\",\"@id\":\"https:\/\/tapcon.ca\/fr\/produit\/drill-bits\/\",\"url\":\"https:\/\/tapcon.ca\/fr\/produit\/drill-bits\/\",\"name\":\"Forets - Tapcon\",\"isPartOf\":{\"@id\":\"https:\/\/tapcon.ca\/fr\/#website\"},\"primaryImageOfPage\":{\"@id\":\"https:\/\/tapcon.ca\/fr\/produit\/drill-bits\/#primaryimage\"},\"image\":{\"@id\":\"https:\/\/tapcon.ca\/fr\/produit\/drill-bits\/#primaryimage\"},\"thumbnailUrl\":\"https:\/\/tapcon.ca\/wp-content\/uploads\/sites\/5\/2020\/09\/Rotate-so-its-straight.png\",\"datePublished\":\"2020-09-09T20:39:00+00:00\",\"dateModified\":\"2021-03-15T19:20:45+00:00\",\"breadcrumb\":{\"@id\":\"https:\/\/tapcon.ca\/fr\/produit\/drill-bits\/#breadcrumb\"},\"inLanguage\":\"fr-FR\",\"potentialAction\":[{\"@type\":\"ReadAction\",\"target\":[\"https:\/\/tapcon.ca\/fr\/produit\/drill-bits\/\"]}]},{\"@type\":\"ImageObject\",\"inLanguage\":\"fr-FR\",\"@id\":\"https:\/\/tapcon.ca\/fr\/produit\/drill-bits\/#primaryimage\",\"url\":\"https:\/\/tapcon.ca\/wp-content\/uploads\/sites\/5\/2020\/09\/Rotate-so-its-straight.png\",\"contentUrl\":\"https:\/\/tapcon.ca\/wp-content\/uploads\/sites\/5\/2020\/09\/Rotate-so-its-straight.png\",\"width\":1000,\"height\":1000},{\"@type\":\"BreadcrumbList\",\"@id\":\"https:\/\/tapcon.ca\/fr\/produit\/drill-bits\/#breadcrumb\",\"itemListElement\":[{\"@type\":\"ListItem\",\"position\":1,\"name\":\"Home\",\"item\":\"https:\/\/tapcon.ca\/fr\/\"},{\"@type\":\"ListItem\",\"position\":2,\"name\":\"Boutique\",\"item\":\"https:\/\/tapcon.ca\/fr\/boutique\/\"},{\"@type\":\"ListItem\",\"position\":3,\"name\":\"Forets\"}]},{\"@type\":\"WebSite\",\"@id\":\"https:\/\/tapcon.ca\/fr\/#website\",\"url\":\"https:\/\/tapcon.ca\/fr\/\",\"name\":\"Tapcon\",\"description\":\"Not All Blue Screws Are The Same\",\"potentialAction\":[{\"@type\":\"SearchAction\",\"target\":{\"@type\":\"EntryPoint\",\"urlTemplate\":\"https:\/\/tapcon.ca\/fr\/?s={search_term_string}\"},\"query-input\":{\"@type\":\"PropertyValueSpecification\",\"valueRequired\":true,\"valueName\":\"search_term_string\"}}],\"inLanguage\":\"fr-FR\"}]}<\/script>\n<!-- \/ Yoast SEO plugin. -->","yoast_head_json":{"title":"Forets - Tapcon","robots":{"index":"index","follow":"follow","max-snippet":"max-snippet:-1","max-image-preview":"max-image-preview:large","max-video-preview":"max-video-preview:-1"},"canonical":"https:\/\/tapcon.ca\/fr\/produit\/drill-bits\/","og_locale":"fr_FR","og_type":"article","og_title":"Forets - Tapcon","og_description":"Les forets Tapcon offrent une uniformit\u00e9 accrue, une r\u00e9sistance in\u00e9gal\u00e9e et une grande pr\u00e9cision pour atteindre une force de retenue maximale. Ils sont fabriqu\u00e9s avec des tol\u00e9rances plus \u00e9lev\u00e9es que les normes ANSI. Il est n\u00e9cessaire d\u2019utiliser l\u2019outil Condrive et le foret correct pour garantir une performance constante de l\u2019ancrage.","og_url":"https:\/\/tapcon.ca\/fr\/produit\/drill-bits\/","og_site_name":"Tapcon","article_modified_time":"2021-03-15T19:20:45+00:00","og_image":[{"width":1000,"height":1000,"url":"https:\/\/tapcon.ca\/wp-content\/uploads\/sites\/5\/2020\/09\/Rotate-so-its-straight.png","type":"image\/png"}],"twitter_card":"summary_large_image","schema":{"@context":"https:\/\/schema.org","@graph":[{"@type":"WebPage","@id":"https:\/\/tapcon.ca\/fr\/produit\/drill-bits\/","url":"https:\/\/tapcon.ca\/fr\/produit\/drill-bits\/","name":"Forets - Tapcon","isPartOf":{"@id":"https:\/\/tapcon.ca\/fr\/#website"},"primaryImageOfPage":{"@id":"https:\/\/tapcon.ca\/fr\/produit\/drill-bits\/#primaryimage"},"image":{"@id":"https:\/\/tapcon.ca\/fr\/produit\/drill-bits\/#primaryimage"},"thumbnailUrl":"https:\/\/tapcon.ca\/wp-content\/uploads\/sites\/5\/2020\/09\/Rotate-so-its-straight.png","datePublished":"2020-09-09T20:39:00+00:00","dateModified":"2021-03-15T19:20:45+00:00","breadcrumb":{"@id":"https:\/\/tapcon.ca\/fr\/produit\/drill-bits\/#breadcrumb"},"inLanguage":"fr-FR","potentialAction":[{"@type":"ReadAction","target":["https:\/\/tapcon.ca\/fr\/produit\/drill-bits\/"]}]},{"@type":"ImageObject","inLanguage":"fr-FR","@id":"https:\/\/tapcon.ca\/fr\/produit\/drill-bits\/#primaryimage","url":"https:\/\/tapcon.ca\/wp-content\/uploads\/sites\/5\/2020\/09\/Rotate-so-its-straight.png","contentUrl":"https:\/\/tapcon.ca\/wp-content\/uploads\/sites\/5\/2020\/09\/Rotate-so-its-straight.png","width":1000,"height":1000},{"@type":"BreadcrumbList","@id":"https:\/\/tapcon.ca\/fr\/produit\/drill-bits\/#breadcrumb","itemListElement":[{"@type":"ListItem","position":1,"name":"Home","item":"https:\/\/tapcon.ca\/fr\/"},{"@type":"ListItem","position":2,"name":"Boutique","item":"https:\/\/tapcon.ca\/fr\/boutique\/"},{"@type":"ListItem","position":3,"name":"Forets"}]},{"@type":"WebSite","@id":"https:\/\/tapcon.ca\/fr\/#website","url":"https:\/\/tapcon.ca\/fr\/","name":"Tapcon","description":"Not All Blue Screws Are The Same","potentialAction":[{"@type":"SearchAction","target":{"@type":"EntryPoint","urlTemplate":"https:\/\/tapcon.ca\/fr\/?s={search_term_string}"},"query-input":{"@type":"PropertyValueSpecification","valueRequired":true,"valueName":"search_term_string"}}],"inLanguage":"fr-FR"}]}},"_links":{"self":[{"href":"https:\/\/tapcon.ca\/fr\/wp-json\/wp\/v2\/product\/7749","targetHints":{"allow":["GET"]}}],"collection":[{"href":"https:\/\/tapcon.ca\/fr\/wp-json\/wp\/v2\/product"}],"about":[{"href":"https:\/\/tapcon.ca\/fr\/wp-json\/wp\/v2\/types\/product"}],"wp:featuredmedia":[{"embeddable":true,"href":"https:\/\/tapcon.ca\/fr\/wp-json\/wp\/v2\/media\/7687"}],"wp:attachment":[{"href":"https:\/\/tapcon.ca\/fr\/wp-json\/wp\/v2\/media?parent=7749"}],"wp:term":[{"taxonomy":"product_brand","embeddable":true,"href":"https:\/\/tapcon.ca\/fr\/wp-json\/wp\/v2\/product_brand?post=7749"},{"taxonomy":"product_cat","embeddable":true,"href":"https:\/\/tapcon.ca\/fr\/wp-json\/wp\/v2\/product_cat?post=7749"},{"taxonomy":"product_tag","embeddable":true,"href":"https:\/\/tapcon.ca\/fr\/wp-json\/wp\/v2\/product_tag?post=7749"}],"curies":[{"name":"wp","href":"https:\/\/api.w.org\/{rel}","templated":true}]}}