{"id":7769,"date":"2020-07-27T17:40:06","date_gmt":"2020-07-27T17:40:06","guid":{"rendered":"https:\/\/tapcon.ca\/where-to-buy\/"},"modified":"2021-01-28T21:52:38","modified_gmt":"2021-01-28T21:52:38","slug":"ou-acheter","status":"publish","type":"page","link":"https:\/\/tapcon.ca\/fr\/ou-acheter\/","title":{"rendered":"O\u00f9 Acheter"},"content":{"rendered":"<div class=\"wpb-content-wrapper\"><p>[vc_row row_content_width=\u00a0\u00bbgrid\u00a0\u00bb row_btt_skin=\u00a0\u00bblight\u00a0\u00bb row_background_text_position=\u00a0\u00bbfront\u00a0\u00bb][vc_column][vc_column_text]Vous pouvez trouver nos produits Paslode chez votre d\u00e9taillant de r\u00e9novation, concessionnaire \/ scierie \/ quincaillerie, canaux de vente de distribution et en ligne sur Amazon.ca<\/p>\n<p>Dans un proche avenir, nous ajouterons une carte interactive pour mieux vous servir. En attendant, n&rsquo;h\u00e9sitez pas \u00e0 visiter l&rsquo;un de nos sites Web de d\u00e9taillant actuels.<\/p>\n<ul class=\"where_to_buy\">\n<li>Atlas Machinery Supply<\/li>\n<li>Bytown Lumber<\/li>\n<li>BMR<\/li>\n<li>Canac<\/li>\n<li>Castle<\/li>\n<li>Central<\/li>\n<li>Coop Connection<\/li>\n<li>Coupal<\/li>\n<li>Copp\u2019s Buildall<\/li>\n<li>Dicks Lumber<\/li>\n<li>Foxboro Fasteners<\/li>\n<li>Hillhurst Hardware<\/li>\n<li>Home Depot<\/li>\n<li>Home Hardware<\/li>\n<li>Jean-Claude Cayer Enterprises<\/li>\n<li>Kent<\/li>\n<li>Lowes<\/li>\n<li>Marcil Centre de Renovation<\/li>\n<li>Moffatt and Powell<\/li>\n<li>Outils Pierre Berger<\/li>\n<li>Patrick Morin<\/li>\n<li>Pilon Fasteners<\/li>\n<li>Prime Fasteners<\/li>\n<li>Reno Depot<\/li>\n<li>Rona<\/li>\n<li>Slegg Lumber<\/li>\n<li>TIM-BR MART<\/li>\n<li>Totem Building Supplies<\/li>\n<li>Turkstra Lumber<\/li>\n<li>TEGS Tools &amp; Machinery<\/li>\n<\/ul>\n<p>[\/vc_column_text][\/vc_column][\/vc_row][vc_row row_btt_skin=\u00a0\u00bblight\u00a0\u00bb row_background_text_position=\u00a0\u00bbfront\u00a0\u00bb][vc_column][vc_column_text]<br \/>\n[\/vc_column_text][\/vc_column][\/vc_row][vc_row row_content_width=\u00a0\u00bbgrid\u00a0\u00bb row_btt_skin=\u00a0\u00bblight\u00a0\u00bb row_background_text_position=\u00a0\u00bbfront\u00a0\u00bb][vc_column width=\u00a0\u00bb1\/2&Prime;]<div class=\"mkdf-banner-holder  mkdf-hover-background-color mkdf-banner-info-default\">\n    <div class=\"mkdf-banner-image\">\n            <\/div>\n    <div class=\"mkdf-banner-text-holder\" style=\"padding: 35px 22px 31px 0\">\n\t    <div class=\"mkdf-banner-text-outer\">\n\t\t    <div class=\"mkdf-banner-text-inner\">\n\t\t        \t\t            <h5 class=\"mkdf-banner-subtitle\" style=\"font-size: 12px;color: #57585b\">\n\t\t\t            NOS PRODUITS\t\t            <\/h5>\n\t\t        \t\t        \t\t            <h4 class=\"mkdf-banner-title\" style=\"color: #016299;margin-top: -3px\">\n\t\t                Vis Tapcon\t                <\/h4>\n\t\t        \t\t\t\t                    <a itemprop=\"url\" href=\"http:\/\/fr\/boutique\/\" target=\"_self\"  class=\"mkdf-btn mkdf-btn-medium mkdf-btn-simple\"  >\n    <span class=\"mkdf-btn-text\"><\/span>\n    <\/a>\t\t        \t\t\t<\/div>\n\t\t<\/div>\n\t<\/div>\n\t        <a itemprop=\"url\" class=\"mkdf-banner-link\" href=\"http:\/\/fr\/boutique\/\" target=\"_self\"><\/a>\n    <div class=\"mkdf-banner-bottom-line\" ><\/div>\n<\/div>[vc_empty_space][\/vc_column][vc_column width=\u00a0\u00bb1\/2&Prime;]<div class=\"mkdf-banner-holder  mkdf-hover-background-color mkdf-banner-info-default\">\n    <div class=\"mkdf-banner-image\">\n            <\/div>\n    <div class=\"mkdf-banner-text-holder\" style=\"padding: 35px 22px 31px 0\">\n\t    <div class=\"mkdf-banner-text-outer\">\n\t\t    <div class=\"mkdf-banner-text-inner\">\n\t\t        \t\t            <h5 class=\"mkdf-banner-subtitle\" style=\"font-size: 12px;color: #57585b\">\n\t\t\t            NOS PRODUITS\t\t            <\/h5>\n\t\t        \t\t        \t\t            <h4 class=\"mkdf-banner-title\" style=\"color: #016299;margin-top: -3px\">\n\t\t                Accessories\t                <\/h4>\n\t\t        \t\t\t\t                    <a itemprop=\"url\" href=\"http:\/\/fr\/categorie-produit\/accessories-fr\/\" target=\"_self\"  class=\"mkdf-btn mkdf-btn-medium mkdf-btn-simple\"  >\n    <span class=\"mkdf-btn-text\"><\/span>\n    <\/a>\t\t        \t\t\t<\/div>\n\t\t<\/div>\n\t<\/div>\n\t        <a itemprop=\"url\" class=\"mkdf-banner-link\" href=\"http:\/\/fr\/categorie-produit\/accessories-fr\/\" target=\"_self\"><\/a>\n    <div class=\"mkdf-banner-bottom-line\" ><\/div>\n<\/div>[vc_empty_space][\/vc_column][\/vc_row]<\/p>\n<\/div>","protected":false},"excerpt":{"rendered":"<p>[vc_row row_content_width=\u00a0\u00bbgrid\u00a0\u00bb row_btt_skin=\u00a0\u00bblight\u00a0\u00bb row_background_text_position=\u00a0\u00bbfront\u00a0\u00bb][vc_column][vc_column_text]Vous pouvez trouver nos produits Paslode chez votre d\u00e9taillant de r\u00e9novation, concessionnaire \/ scierie \/ quincaillerie, canaux de vente de distribution et en ligne sur Amazon.ca Dans un proche avenir, nous ajouterons une carte interactive pour mieux [&hellip;]<\/p>\n","protected":false},"author":1,"featured_media":0,"parent":0,"menu_order":0,"comment_status":"closed","ping_status":"closed","template":"full-width.php","meta":{"_acf_changed":false,"inline_featured_image":false,"footnotes":""},"class_list":["post-7769","page","type-page","status-publish","hentry"],"acf":[],"yoast_head":"<!-- This site is optimized with the Yoast SEO plugin v27.2 - https:\/\/yoast.com\/product\/yoast-seo-wordpress\/ -->\n<title>O\u00f9 Acheter - Tapcon<\/title>\n<meta name=\"description\" content=\"Tapcon is the #1 recognized screw anchor brand in the construction industry with unmatchable performance in concrete, block, and brick applications making it an excellent alternative to expansive anchors, plugs, and lag shields.\" \/>\n<meta name=\"robots\" content=\"index, follow, max-snippet:-1, max-image-preview:large, max-video-preview:-1\" \/>\n<link rel=\"canonical\" href=\"https:\/\/tapcon.ca\/fr\/ou-acheter\/\" \/>\n<meta property=\"og:locale\" content=\"fr_FR\" \/>\n<meta property=\"og:type\" content=\"article\" \/>\n<meta property=\"og:title\" content=\"O\u00f9 Acheter - Tapcon\" \/>\n<meta property=\"og:description\" content=\"Tapcon is the #1 recognized screw anchor brand in the construction industry with unmatchable performance in concrete, block, and brick applications making it an excellent alternative to expansive anchors, plugs, and lag shields.\" \/>\n<meta property=\"og:url\" content=\"https:\/\/tapcon.ca\/fr\/ou-acheter\/\" \/>\n<meta property=\"og:site_name\" content=\"Tapcon\" \/>\n<meta property=\"article:modified_time\" content=\"2021-01-28T21:52:38+00:00\" \/>\n<meta name=\"twitter:card\" content=\"summary_large_image\" \/>\n<meta name=\"twitter:label1\" content=\"Dur\u00e9e de lecture estim\u00e9e\" \/>\n\t<meta name=\"twitter:data1\" content=\"1 minute\" \/>\n<script type=\"application\/ld+json\" class=\"yoast-schema-graph\">{\"@context\":\"https:\/\/schema.org\",\"@graph\":[{\"@type\":\"WebPage\",\"@id\":\"https:\/\/tapcon.ca\/fr\/ou-acheter\/\",\"url\":\"https:\/\/tapcon.ca\/fr\/ou-acheter\/\",\"name\":\"O\u00f9 Acheter - Tapcon\",\"isPartOf\":{\"@id\":\"https:\/\/tapcon.ca\/fr\/#website\"},\"datePublished\":\"2020-07-27T17:40:06+00:00\",\"dateModified\":\"2021-01-28T21:52:38+00:00\",\"description\":\"Tapcon is the #1 recognized screw anchor brand in the construction industry with unmatchable performance in concrete, block, and brick applications making it an excellent alternative to expansive anchors, plugs, and lag shields.\",\"breadcrumb\":{\"@id\":\"https:\/\/tapcon.ca\/fr\/ou-acheter\/#breadcrumb\"},\"inLanguage\":\"fr-FR\",\"potentialAction\":[{\"@type\":\"ReadAction\",\"target\":[\"https:\/\/tapcon.ca\/fr\/ou-acheter\/\"]}]},{\"@type\":\"BreadcrumbList\",\"@id\":\"https:\/\/tapcon.ca\/fr\/ou-acheter\/#breadcrumb\",\"itemListElement\":[{\"@type\":\"ListItem\",\"position\":1,\"name\":\"Home\",\"item\":\"https:\/\/tapcon.ca\/fr\/\"},{\"@type\":\"ListItem\",\"position\":2,\"name\":\"O\u00f9 Acheter\"}]},{\"@type\":\"WebSite\",\"@id\":\"https:\/\/tapcon.ca\/fr\/#website\",\"url\":\"https:\/\/tapcon.ca\/fr\/\",\"name\":\"Tapcon\",\"description\":\"Not All Blue Screws Are The Same\",\"potentialAction\":[{\"@type\":\"SearchAction\",\"target\":{\"@type\":\"EntryPoint\",\"urlTemplate\":\"https:\/\/tapcon.ca\/fr\/?s={search_term_string}\"},\"query-input\":{\"@type\":\"PropertyValueSpecification\",\"valueRequired\":true,\"valueName\":\"search_term_string\"}}],\"inLanguage\":\"fr-FR\"}]}<\/script>\n<!-- \/ Yoast SEO plugin. -->","yoast_head_json":{"title":"O\u00f9 Acheter - Tapcon","description":"Tapcon is the #1 recognized screw anchor brand in the construction industry with unmatchable performance in concrete, block, and brick applications making it an excellent alternative to expansive anchors, plugs, and lag shields.","robots":{"index":"index","follow":"follow","max-snippet":"max-snippet:-1","max-image-preview":"max-image-preview:large","max-video-preview":"max-video-preview:-1"},"canonical":"https:\/\/tapcon.ca\/fr\/ou-acheter\/","og_locale":"fr_FR","og_type":"article","og_title":"O\u00f9 Acheter - Tapcon","og_description":"Tapcon is the #1 recognized screw anchor brand in the construction industry with unmatchable performance in concrete, block, and brick applications making it an excellent alternative to expansive anchors, plugs, and lag shields.","og_url":"https:\/\/tapcon.ca\/fr\/ou-acheter\/","og_site_name":"Tapcon","article_modified_time":"2021-01-28T21:52:38+00:00","twitter_card":"summary_large_image","twitter_misc":{"Dur\u00e9e de lecture estim\u00e9e":"1 minute"},"schema":{"@context":"https:\/\/schema.org","@graph":[{"@type":"WebPage","@id":"https:\/\/tapcon.ca\/fr\/ou-acheter\/","url":"https:\/\/tapcon.ca\/fr\/ou-acheter\/","name":"O\u00f9 Acheter - Tapcon","isPartOf":{"@id":"https:\/\/tapcon.ca\/fr\/#website"},"datePublished":"2020-07-27T17:40:06+00:00","dateModified":"2021-01-28T21:52:38+00:00","description":"Tapcon is the #1 recognized screw anchor brand in the construction industry with unmatchable performance in concrete, block, and brick applications making it an excellent alternative to expansive anchors, plugs, and lag shields.","breadcrumb":{"@id":"https:\/\/tapcon.ca\/fr\/ou-acheter\/#breadcrumb"},"inLanguage":"fr-FR","potentialAction":[{"@type":"ReadAction","target":["https:\/\/tapcon.ca\/fr\/ou-acheter\/"]}]},{"@type":"BreadcrumbList","@id":"https:\/\/tapcon.ca\/fr\/ou-acheter\/#breadcrumb","itemListElement":[{"@type":"ListItem","position":1,"name":"Home","item":"https:\/\/tapcon.ca\/fr\/"},{"@type":"ListItem","position":2,"name":"O\u00f9 Acheter"}]},{"@type":"WebSite","@id":"https:\/\/tapcon.ca\/fr\/#website","url":"https:\/\/tapcon.ca\/fr\/","name":"Tapcon","description":"Not All Blue Screws Are The Same","potentialAction":[{"@type":"SearchAction","target":{"@type":"EntryPoint","urlTemplate":"https:\/\/tapcon.ca\/fr\/?s={search_term_string}"},"query-input":{"@type":"PropertyValueSpecification","valueRequired":true,"valueName":"search_term_string"}}],"inLanguage":"fr-FR"}]}},"_links":{"self":[{"href":"https:\/\/tapcon.ca\/fr\/wp-json\/wp\/v2\/pages\/7769","targetHints":{"allow":["GET"]}}],"collection":[{"href":"https:\/\/tapcon.ca\/fr\/wp-json\/wp\/v2\/pages"}],"about":[{"href":"https:\/\/tapcon.ca\/fr\/wp-json\/wp\/v2\/types\/page"}],"author":[{"embeddable":true,"href":"https:\/\/tapcon.ca\/fr\/wp-json\/wp\/v2\/users\/1"}],"replies":[{"embeddable":true,"href":"https:\/\/tapcon.ca\/fr\/wp-json\/wp\/v2\/comments?post=7769"}],"version-history":[{"count":0,"href":"https:\/\/tapcon.ca\/fr\/wp-json\/wp\/v2\/pages\/7769\/revisions"}],"wp:attachment":[{"href":"https:\/\/tapcon.ca\/fr\/wp-json\/wp\/v2\/media?parent=7769"}],"curies":[{"name":"wp","href":"https:\/\/api.w.org\/{rel}","templated":true}]}}